{"id":10559,"date":"2024-08-06T11:47:12","date_gmt":"2024-08-06T10:47:12","guid":{"rendered":"https:\/\/enzosystems.com\/?page_id=10559"},"modified":"2025-01-16T09:56:08","modified_gmt":"2025-01-16T08:56:08","slug":"fullstackwebdeveloper","status":"publish","type":"page","link":"https:\/\/enzosystems.com\/de\/fullstackwebdeveloper\/","title":{"rendered":"JOB - Vollwertiger Webentwickler"},"content":{"rendered":"<div data-elementor-type=\"wp-page\" data-elementor-id=\"10559\" class=\"elementor elementor-10559\" data-elementor-post-type=\"page\">\n\t\t\t\t\t\t<section class=\"elementor-section elementor-top-section elementor-element elementor-element-1df02835 elementor-section-height-min-height elementor-section-items-top elementor-section-boxed elementor-section-height-default\" data-id=\"1df02835\" data-element_type=\"section\" data-e-type=\"section\">\n\t\t\t\t\t\t<div class=\"elementor-container elementor-column-gap-no\">\n\t\t\t\t\t<div class=\"elementor-column elementor-col-100 elementor-top-column elementor-element elementor-element-3469ac63\" data-id=\"3469ac63\" data-element_type=\"column\" data-e-type=\"column\" data-settings=\"{&quot;background_background&quot;:&quot;classic&quot;}\">\n\t\t\t<div class=\"elementor-widget-wrap elementor-element-populated\">\n\t\t\t\t\t\t<div class=\"elementor-element elementor-element-499beb1e elementor-widget elementor-widget-heading\" data-id=\"499beb1e\" data-element_type=\"widget\" data-e-type=\"widget\" data-settings=\"{&quot;_animation&quot;:&quot;none&quot;,&quot;_animation_delay&quot;:&quot;300&quot;,&quot;_animation_mobile&quot;:&quot;fadeIn&quot;}\" data-widget_type=\"heading.default\">\n\t\t\t\t<div class=\"elementor-widget-container\">\n\t\t\t\t\t<h1 class=\"elementor-heading-title elementor-size-default\">Full-Stack-Webentwickler <br>(32-40 Stunden)<\/h1>\t\t\t\t<\/div>\n\t\t\t\t<\/div>\n\t\t\t\t<div class=\"elementor-element elementor-element-30e067d elementor-widget elementor-widget-spacer\" data-id=\"30e067d\" data-element_type=\"widget\" data-e-type=\"widget\" data-widget_type=\"spacer.default\">\n\t\t\t\t<div class=\"elementor-widget-container\">\n\t\t\t\t\t\t\t<div class=\"elementor-spacer\">\n\t\t\t<div class=\"elementor-spacer-inner\"><\/div>\n\t\t<\/div>\n\t\t\t\t\t\t<\/div>\n\t\t\t\t<\/div>\n\t\t\t\t<div class=\"elementor-element elementor-element-33b6109 elementor-widget elementor-widget-text-editor\" data-id=\"33b6109\" data-element_type=\"widget\" data-e-type=\"widget\" data-widget_type=\"text-editor.default\">\n\t\t\t\t<div class=\"elementor-widget-container\">\n\t\t\t\t\t\t\t\t\t<p>6. August 2024<strong><br \/><\/strong><\/p>\t\t\t\t\t\t\t\t<\/div>\n\t\t\t\t<\/div>\n\t\t\t\t<div class=\"elementor-element elementor-element-6663519 elementor-widget elementor-widget-text-editor\" data-id=\"6663519\" data-element_type=\"widget\" data-e-type=\"widget\" data-widget_type=\"text-editor.default\">\n\t\t\t\t<div class=\"elementor-widget-container\">\n\t\t\t\t\t\t\t\t\t<p><strong>\u00dcber den Job<\/strong><\/p><p>Wir haben eine herausfordernde Position f\u00fcr einen Full-Stack-Webentwickler zu vergeben, der gerne in einem kleinen Team von erfahrenen Entwicklern in einer schnelllebigen und dynamischen Umgebung arbeitet. Sie werden aktiv an allen Phasen des Softwareentwicklungsprozesses beteiligt sein, angefangen bei der Anforderungsanalyse bis hin zu Design, Implementierung, Tests, Lieferung und fortlaufender Wartung.<\/p><p>Bei der Entwicklung neuer Projekte sind Sie stets bestrebt, die Schl\u00fcsselkonzepte der Benutzerfreundlichkeit, der Wiederverwendbarkeit von Softwarekomponenten und der nahtlosen Integration von Hardwarekomponenten zu erreichen.<\/p>\t\t\t\t\t\t\t\t<\/div>\n\t\t\t\t<\/div>\n\t\t\t\t<div class=\"elementor-element elementor-element-9bb78c4 elementor-widget elementor-widget-text-editor\" data-id=\"9bb78c4\" data-element_type=\"widget\" data-e-type=\"widget\" data-widget_type=\"text-editor.default\">\n\t\t\t\t<div class=\"elementor-widget-container\">\n\t\t\t\t\t\t\t\t\t<p><strong>Wie steht es mit Ihnen?<\/strong><\/p><p>Sie haben einen Bachelor- oder Masterabschluss in Informatik, Softwaretechnik oder einem anderen eng verwandten technischen Fachgebiet und verf\u00fcgen \u00fcber mindestens 3 Jahre Erfahrung in der Webentwicklung. Es ist f\u00fcr Sie selbstverst\u00e4ndlich, schnell und effizient unter minimaler Aufsicht zu arbeiten, sowohl unabh\u00e4ngig als auch als Teil eines Teams.<\/p><p><strong>Erforderliche Erfahrung:<\/strong><\/p><ul><li>Front-End-Web-Technologien und -Frameworks (HTML5, CSS, JSON, React oder \u00e4hnlich)<\/li><li>Back-End-Web-Technologien und -Frameworks (z. B. JavaScript, TypeScript, NodeJS o. \u00e4.)<\/li><li>Relationale und nicht-relationale Datenbanktechnologien (z. B. PostgreSQL, DynamoDB oder \u00e4hnliche)<\/li><li>Versionskontrollsysteme (z. B. Git, SVN oder \u00e4hnliche)<\/li><li>Agiler Lebenszyklus der Softwareentwicklung<\/li><\/ul><p>\u00a0<\/p><p><strong>Optional\/Bonus:<\/strong><\/p><ul><li>Cloud-native Architekturen und Grunds\u00e4tze<\/li><li>Amazon Web Services (AWS)<\/li><li>DevOps-Prozesse (z. B. IaC, CI\/CD, Containerisierung, Containerbereitstellung, Skalierung usw.)<\/li><\/ul><p>\u00a0<\/p><p>Flie\u00dfende Englischkenntnisse in Wort und Schrift sind ein Muss. Ein Wohnsitz in der N\u00e4he von Almere (max. 60 Min. Fahrtzeit) ist Voraussetzung.<\/p>\t\t\t\t\t\t\t\t<\/div>\n\t\t\t\t<\/div>\n\t\t\t\t<div class=\"elementor-element elementor-element-f5486b7 elementor-widget elementor-widget-text-editor\" data-id=\"f5486b7\" data-element_type=\"widget\" data-e-type=\"widget\" data-widget_type=\"text-editor.default\">\n\t\t\t\t<div class=\"elementor-widget-container\">\n\t\t\t\t\t\t\t\t\t<p><strong>Was ist mit Enzosystems?<\/strong><\/p><p>Enzosystems ist ein innovatives niederl\u00e4ndisches Unternehmen, das seit 1991 in der IKT-Branche t\u00e4tig ist. Wir entwerfen und entwickeln verschiedene Hardware- und Softwarel\u00f6sungen f\u00fcr eine Vielzahl von Branchen wie den \u00f6ffentlichen Verkehr und das Gastgewerbe. Zu unseren Produkten und L\u00f6sungen geh\u00f6ren Selbstbedienungs-Check-In- und Check-Out-Kioske f\u00fcr das lokale und internationale Gastgewerbe, z. B. f\u00fcr citizenM Hotels, Van der Valk Hotels und Eden Hotels, um nur einige zu nennen. Im Bereich des \u00f6ffentlichen Nahverkehrs haben wir Fahrkartenautomaten f\u00fcr Unternehmen wie Arriva, Connexxion, GVB, Qbuzz und RET.<\/p><p>Ein wesentliches Merkmal unseres Unternehmens ist eine offene und informelle Arbeitsatmosph\u00e4re. Das gemeinsame Mittagessen ist immer ein sch\u00f6ner Moment der Entspannung f\u00fcr unser Team und f\u00fcr einige von uns eine sch\u00f6ne Partie Tischtennis danach.<\/p><p>Wir arbeiten von unserem gut erreichbaren und angenehmen B\u00fcro an der S\u00fcdseite von Almere aus.<\/p>\t\t\t\t\t\t\t\t<\/div>\n\t\t\t\t<\/div>\n\t\t\t\t<div class=\"elementor-element elementor-element-9c4bffc elementor-widget elementor-widget-text-editor\" data-id=\"9c4bffc\" data-element_type=\"widget\" data-e-type=\"widget\" data-widget_type=\"text-editor.default\">\n\t\t\t\t<div class=\"elementor-widget-container\">\n\t\t\t\t\t\t\t\t\t<p><strong>Was bieten wir an?<\/strong><\/p>\n<p>Wir bieten Ihnen die M\u00f6glichkeit, an der Gestaltung und Entwicklung von ansprechenden und innovativen Produkten mitzuwirken, die nicht nur auf den niederl\u00e4ndischen, sondern auch auf den globalen Markt ausgerichtet sind. Wir ermutigen Sie, Initiative zu zeigen und belohnen Sie mit einem wettbewerbsf\u00e4higen Gehalt. Au\u00dferdem bieten wir Ihnen eine Altersvorsorge, M\u00f6glichkeiten zur Weiterentwicklung, Reisekostenerstattung und 30 Tage Urlaub.<\/p>\t\t\t\t\t\t\t\t<\/div>\n\t\t\t\t<\/div>\n\t\t\t\t<div class=\"elementor-element elementor-element-3c411e4 elementor-widget elementor-widget-text-editor\" data-id=\"3c411e4\" data-element_type=\"widget\" data-e-type=\"widget\" data-widget_type=\"text-editor.default\">\n\t\t\t\t<div class=\"elementor-widget-container\">\n\t\t\t\t\t\t\t\t\t<p>Interessiert?<\/p><p>Wenn Sie sich f\u00fcr diese Stelle und unser Unternehmen begeistern k\u00f6nnen, dann senden Sie bitte Ihren Lebenslauf und ein Motivationsschreiben an Mari\u00ebtte Malipaard, <a href=\"mailto:mariette@enzosystems.com\">mariette@enzosystems.com<\/a>.<\/p><p>\u00a0<\/p><p>Werfen Sie unbedingt einen Blick auf <a href=\"https:\/\/enzosystems.com\/de\/\">www.enzosystems.com<\/a>.<\/p>\t\t\t\t\t\t\t\t<\/div>\n\t\t\t\t<\/div>\n\t\t\t\t<div class=\"elementor-element elementor-element-40c6110 elementor-widget elementor-widget-spacer\" data-id=\"40c6110\" data-element_type=\"widget\" data-e-type=\"widget\" data-widget_type=\"spacer.default\">\n\t\t\t\t<div class=\"elementor-widget-container\">\n\t\t\t\t\t\t\t<div class=\"elementor-spacer\">\n\t\t\t<div class=\"elementor-spacer-inner\"><\/div>\n\t\t<\/div>\n\t\t\t\t\t\t<\/div>\n\t\t\t\t<\/div>\n\t\t\t\t<div class=\"elementor-element elementor-element-acc8c87 elementor-align-center elementor-mobile-align-center elementor-tablet-align-center elementor-widget elementor-widget-button\" data-id=\"acc8c87\" data-element_type=\"widget\" data-e-type=\"widget\" data-widget_type=\"button.default\">\n\t\t\t\t<div class=\"elementor-widget-container\">\n\t\t\t\t\t\t\t\t\t<div class=\"elementor-button-wrapper\">\n\t\t\t\t\t<a class=\"elementor-button elementor-button-link elementor-size-xl\" href=\"mailto:mariette@enzosystems.com\">\n\t\t\t\t\t\t<span class=\"elementor-button-content-wrapper\">\n\t\t\t\t\t\t\t\t\t<span class=\"elementor-button-text\">Jetzt bewerben<\/span>\n\t\t\t\t\t<\/span>\n\t\t\t\t\t<\/a>\n\t\t\t\t<\/div>\n\t\t\t\t\t\t\t\t<\/div>\n\t\t\t\t<\/div>\n\t\t\t\t<div class=\"elementor-element elementor-element-4dd4dd6 elementor-widget elementor-widget-spacer\" data-id=\"4dd4dd6\" data-element_type=\"widget\" data-e-type=\"widget\" data-widget_type=\"spacer.default\">\n\t\t\t\t<div class=\"elementor-widget-container\">\n\t\t\t\t\t\t\t<div class=\"elementor-spacer\">\n\t\t\t<div class=\"elementor-spacer-inner\"><\/div>\n\t\t<\/div>\n\t\t\t\t\t\t<\/div>\n\t\t\t\t<\/div>\n\t\t\t\t\t<\/div>\n\t\t<\/div>\n\t\t\t\t\t<\/div>\n\t\t<\/section>\n\t\t\t\t<\/div>","protected":false},"excerpt":{"rendered":"<p>Full Stack Web Developer (32-40 hours) 6th of August 2024 About the Job We have a challenging position available for a full stack web developer who likes to work as part of a small team of skilled developers in a fast paced and dynamic environment. You will be actively involved in all stages of the [&hellip;]<\/p>\n","protected":false},"author":1,"featured_media":9459,"parent":0,"menu_order":0,"comment_status":"closed","ping_status":"closed","template":"elementor_header_footer","meta":{"footnotes":""},"class_list":["post-10559","page","type-page","status-publish","has-post-thumbnail","hentry"],"yoast_head":"<!-- This site is optimized with the Yoast SEO plugin v27.4 - https:\/\/yoast.com\/product\/yoast-seo-wordpress\/ -->\n<title>JOB - Full stack web developer - Enzosystems<\/title>\n<meta name=\"description\" content=\"Are you interested in joining our team? Take a look at this page and at the current open positions. Apply now at Enzosystems!\" \/>\n<meta name=\"robots\" content=\"index, follow, max-snippet:-1, max-image-preview:large, max-video-preview:-1\" \/>\n<link rel=\"canonical\" href=\"https:\/\/enzosystems.com\/de\/fullstackwebdeveloper\/\" \/>\n<meta property=\"og:locale\" content=\"de_DE\" \/>\n<meta property=\"og:type\" content=\"article\" \/>\n<meta property=\"og:title\" content=\"JOB - Full stack web developer - Enzosystems\" \/>\n<meta property=\"og:description\" content=\"Are you interested in joining our team? Take a look at this page and at the current open positions. Apply now at Enzosystems!\" \/>\n<meta property=\"og:url\" content=\"https:\/\/enzosystems.com\/de\/fullstackwebdeveloper\/\" \/>\n<meta property=\"og:site_name\" content=\"Enzosystems\" \/>\n<meta property=\"article:modified_time\" content=\"2025-01-16T08:56:08+00:00\" \/>\n<meta property=\"og:image\" content=\"https:\/\/enzosystems.com\/wp-content\/uploads\/2023\/08\/Enzosystems_software1.jpg\" \/>\n\t<meta property=\"og:image:width\" content=\"1091\" \/>\n\t<meta property=\"og:image:height\" content=\"727\" \/>\n\t<meta property=\"og:image:type\" content=\"image\/jpeg\" \/>\n<meta name=\"twitter:card\" content=\"summary_large_image\" \/>\n<meta name=\"twitter:site\" content=\"@enzosystems\" \/>\n<meta name=\"twitter:label1\" content=\"Gesch\u00e4tzte Lesezeit\" \/>\n\t<meta name=\"twitter:data1\" content=\"3\u00a0Minuten\" \/>\n<script type=\"application\/ld+json\" class=\"yoast-schema-graph\">{\"@context\":\"https:\\\/\\\/schema.org\",\"@graph\":[{\"@type\":\"WebPage\",\"@id\":\"https:\\\/\\\/enzosystems.com\\\/fullstackwebdeveloper\\\/\",\"url\":\"https:\\\/\\\/enzosystems.com\\\/fullstackwebdeveloper\\\/\",\"name\":\"JOB - Full stack web developer - Enzosystems\",\"isPartOf\":{\"@id\":\"https:\\\/\\\/enzosystems.com\\\/#website\"},\"primaryImageOfPage\":{\"@id\":\"https:\\\/\\\/enzosystems.com\\\/fullstackwebdeveloper\\\/#primaryimage\"},\"image\":{\"@id\":\"https:\\\/\\\/enzosystems.com\\\/fullstackwebdeveloper\\\/#primaryimage\"},\"thumbnailUrl\":\"https:\\\/\\\/enzosystems.com\\\/wp-content\\\/uploads\\\/2023\\\/08\\\/Enzosystems_software1.jpg\",\"datePublished\":\"2024-08-06T10:47:12+00:00\",\"dateModified\":\"2025-01-16T08:56:08+00:00\",\"description\":\"Are you interested in joining our team? Take a look at this page and at the current open positions. Apply now at Enzosystems!\",\"breadcrumb\":{\"@id\":\"https:\\\/\\\/enzosystems.com\\\/fullstackwebdeveloper\\\/#breadcrumb\"},\"inLanguage\":\"de\",\"potentialAction\":[{\"@type\":\"ReadAction\",\"target\":[\"https:\\\/\\\/enzosystems.com\\\/fullstackwebdeveloper\\\/\"]}]},{\"@type\":\"ImageObject\",\"inLanguage\":\"de\",\"@id\":\"https:\\\/\\\/enzosystems.com\\\/fullstackwebdeveloper\\\/#primaryimage\",\"url\":\"https:\\\/\\\/enzosystems.com\\\/wp-content\\\/uploads\\\/2023\\\/08\\\/Enzosystems_software1.jpg\",\"contentUrl\":\"https:\\\/\\\/enzosystems.com\\\/wp-content\\\/uploads\\\/2023\\\/08\\\/Enzosystems_software1.jpg\",\"width\":1091,\"height\":727},{\"@type\":\"BreadcrumbList\",\"@id\":\"https:\\\/\\\/enzosystems.com\\\/fullstackwebdeveloper\\\/#breadcrumb\",\"itemListElement\":[{\"@type\":\"ListItem\",\"position\":1,\"name\":\"Home\",\"item\":\"https:\\\/\\\/enzosystems.com\\\/\"},{\"@type\":\"ListItem\",\"position\":2,\"name\":\"JOB &#8211; Full stack web developer\"}]},{\"@type\":\"WebSite\",\"@id\":\"https:\\\/\\\/enzosystems.com\\\/#website\",\"url\":\"https:\\\/\\\/enzosystems.com\\\/\",\"name\":\"Enzosystems\",\"description\":\"Self Check-In Solutions\",\"publisher\":{\"@id\":\"https:\\\/\\\/enzosystems.com\\\/#organization\"},\"potentialAction\":[{\"@type\":\"SearchAction\",\"target\":{\"@type\":\"EntryPoint\",\"urlTemplate\":\"https:\\\/\\\/enzosystems.com\\\/?s={search_term_string}\"},\"query-input\":{\"@type\":\"PropertyValueSpecification\",\"valueRequired\":true,\"valueName\":\"search_term_string\"}}],\"inLanguage\":\"de\"},{\"@type\":\"Organization\",\"@id\":\"https:\\\/\\\/enzosystems.com\\\/#organization\",\"name\":\"Enzosystems B.V.\",\"url\":\"https:\\\/\\\/enzosystems.com\\\/\",\"logo\":{\"@type\":\"ImageObject\",\"inLanguage\":\"de\",\"@id\":\"https:\\\/\\\/enzosystems.com\\\/#\\\/schema\\\/logo\\\/image\\\/\",\"url\":\"https:\\\/\\\/enzosystems.com\\\/wp-content\\\/uploads\\\/2021\\\/11\\\/Enzo-logo-100.jpg\",\"contentUrl\":\"https:\\\/\\\/enzosystems.com\\\/wp-content\\\/uploads\\\/2021\\\/11\\\/Enzo-logo-100.jpg\",\"width\":351,\"height\":150,\"caption\":\"Enzosystems B.V.\"},\"image\":{\"@id\":\"https:\\\/\\\/enzosystems.com\\\/#\\\/schema\\\/logo\\\/image\\\/\"},\"sameAs\":[\"https:\\\/\\\/x.com\\\/enzosystems\",\"https:\\\/\\\/www.linkedin.com\\\/company\\\/enzosystems\"]}]}<\/script>\n<!-- \/ Yoast SEO plugin. -->","yoast_head_json":{"title":"JOB - Vollwertiger Webentwickler - Enzosystems","description":"Sind Sie an einer Mitarbeit in unserem Team interessiert? Werfen Sie einen Blick auf diese Seite und auf die aktuellen Stellenangebote. Bewerben Sie sich jetzt bei Enzosystems!","robots":{"index":"index","follow":"follow","max-snippet":"max-snippet:-1","max-image-preview":"max-image-preview:large","max-video-preview":"max-video-preview:-1"},"canonical":"https:\/\/enzosystems.com\/de\/fullstackwebdeveloper\/","og_locale":"de_DE","og_type":"article","og_title":"JOB - Full stack web developer - Enzosystems","og_description":"Are you interested in joining our team? Take a look at this page and at the current open positions. Apply now at Enzosystems!","og_url":"https:\/\/enzosystems.com\/de\/fullstackwebdeveloper\/","og_site_name":"Enzosystems","article_modified_time":"2025-01-16T08:56:08+00:00","og_image":[{"width":1091,"height":727,"url":"https:\/\/enzosystems.com\/wp-content\/uploads\/2023\/08\/Enzosystems_software1.jpg","type":"image\/jpeg"}],"twitter_card":"summary_large_image","twitter_site":"@enzosystems","twitter_misc":{"Gesch\u00e4tzte Lesezeit":"3\u00a0Minuten"},"schema":{"@context":"https:\/\/schema.org","@graph":[{"@type":"WebPage","@id":"https:\/\/enzosystems.com\/fullstackwebdeveloper\/","url":"https:\/\/enzosystems.com\/fullstackwebdeveloper\/","name":"JOB - Vollwertiger Webentwickler - Enzosystems","isPartOf":{"@id":"https:\/\/enzosystems.com\/#website"},"primaryImageOfPage":{"@id":"https:\/\/enzosystems.com\/fullstackwebdeveloper\/#primaryimage"},"image":{"@id":"https:\/\/enzosystems.com\/fullstackwebdeveloper\/#primaryimage"},"thumbnailUrl":"https:\/\/enzosystems.com\/wp-content\/uploads\/2023\/08\/Enzosystems_software1.jpg","datePublished":"2024-08-06T10:47:12+00:00","dateModified":"2025-01-16T08:56:08+00:00","description":"Sind Sie an einer Mitarbeit in unserem Team interessiert? Werfen Sie einen Blick auf diese Seite und auf die aktuellen Stellenangebote. Bewerben Sie sich jetzt bei Enzosystems!","breadcrumb":{"@id":"https:\/\/enzosystems.com\/fullstackwebdeveloper\/#breadcrumb"},"inLanguage":"de","potentialAction":[{"@type":"ReadAction","target":["https:\/\/enzosystems.com\/fullstackwebdeveloper\/"]}]},{"@type":"ImageObject","inLanguage":"de","@id":"https:\/\/enzosystems.com\/fullstackwebdeveloper\/#primaryimage","url":"https:\/\/enzosystems.com\/wp-content\/uploads\/2023\/08\/Enzosystems_software1.jpg","contentUrl":"https:\/\/enzosystems.com\/wp-content\/uploads\/2023\/08\/Enzosystems_software1.jpg","width":1091,"height":727},{"@type":"BreadcrumbList","@id":"https:\/\/enzosystems.com\/fullstackwebdeveloper\/#breadcrumb","itemListElement":[{"@type":"ListItem","position":1,"name":"Home","item":"https:\/\/enzosystems.com\/"},{"@type":"ListItem","position":2,"name":"JOB &#8211; Full stack web developer"}]},{"@type":"WebSite","@id":"https:\/\/enzosystems.com\/#website","url":"https:\/\/enzosystems.com\/","name":"Enzosysteme","description":"Self Check-In L\u00f6sungen","publisher":{"@id":"https:\/\/enzosystems.com\/#organization"},"potentialAction":[{"@type":"SearchAction","target":{"@type":"EntryPoint","urlTemplate":"https:\/\/enzosystems.com\/?s={search_term_string}"},"query-input":{"@type":"PropertyValueSpecification","valueRequired":true,"valueName":"search_term_string"}}],"inLanguage":"de"},{"@type":"Organization","@id":"https:\/\/enzosystems.com\/#organization","name":"Enzosystems B.V.","url":"https:\/\/enzosystems.com\/","logo":{"@type":"ImageObject","inLanguage":"de","@id":"https:\/\/enzosystems.com\/#\/schema\/logo\/image\/","url":"https:\/\/enzosystems.com\/wp-content\/uploads\/2021\/11\/Enzo-logo-100.jpg","contentUrl":"https:\/\/enzosystems.com\/wp-content\/uploads\/2021\/11\/Enzo-logo-100.jpg","width":351,"height":150,"caption":"Enzosystems B.V."},"image":{"@id":"https:\/\/enzosystems.com\/#\/schema\/logo\/image\/"},"sameAs":["https:\/\/x.com\/enzosystems","https:\/\/www.linkedin.com\/company\/enzosystems"]}]}},"_links":{"self":[{"href":"https:\/\/enzosystems.com\/de\/wp-json\/wp\/v2\/pages\/10559","targetHints":{"allow":["GET"]}}],"collection":[{"href":"https:\/\/enzosystems.com\/de\/wp-json\/wp\/v2\/pages"}],"about":[{"href":"https:\/\/enzosystems.com\/de\/wp-json\/wp\/v2\/types\/page"}],"author":[{"embeddable":true,"href":"https:\/\/enzosystems.com\/de\/wp-json\/wp\/v2\/users\/1"}],"replies":[{"embeddable":true,"href":"https:\/\/enzosystems.com\/de\/wp-json\/wp\/v2\/comments?post=10559"}],"version-history":[{"count":14,"href":"https:\/\/enzosystems.com\/de\/wp-json\/wp\/v2\/pages\/10559\/revisions"}],"predecessor-version":[{"id":10720,"href":"https:\/\/enzosystems.com\/de\/wp-json\/wp\/v2\/pages\/10559\/revisions\/10720"}],"wp:featuredmedia":[{"embeddable":true,"href":"https:\/\/enzosystems.com\/de\/wp-json\/wp\/v2\/media\/9459"}],"wp:attachment":[{"href":"https:\/\/enzosystems.com\/de\/wp-json\/wp\/v2\/media?parent=10559"}],"curies":[{"name":"wp","href":"https:\/\/api.w.org\/{rel}","templated":true}]}}