{"id":5489,"date":"2022-03-08T16:47:02","date_gmt":"2022-03-08T15:47:02","guid":{"rendered":"http:\/\/54.78.89.230\/?page_id=5489"},"modified":"2025-02-03T10:31:43","modified_gmt":"2025-02-03T09:31:43","slug":"2022ihs","status":"publish","type":"page","link":"https:\/\/enzosystems.com\/de\/2022ihs\/","title":{"rendered":"Dankesch\u00f6n - Unabh\u00e4ngige Hotelmesse"},"content":{"rendered":"<div data-elementor-type=\"wp-page\" data-elementor-id=\"5489\" class=\"elementor elementor-5489\" data-elementor-post-type=\"page\">\n\t\t\t\t\t\t<section class=\"elementor-section elementor-top-section elementor-element elementor-element-3ba77a84 elementor-section-boxed elementor-section-height-default elementor-section-height-default\" data-id=\"3ba77a84\" data-element_type=\"section\" data-e-type=\"section\">\n\t\t\t\t\t\t<div class=\"elementor-container elementor-column-gap-default\">\n\t\t\t\t\t<div class=\"elementor-column elementor-col-100 elementor-top-column elementor-element elementor-element-274b7d00\" data-id=\"274b7d00\" data-element_type=\"column\" data-e-type=\"column\">\n\t\t\t<div class=\"elementor-widget-wrap elementor-element-populated\">\n\t\t\t\t\t\t<div class=\"elementor-element elementor-element-63d95fcd elementor-widget elementor-widget-image\" data-id=\"63d95fcd\" data-element_type=\"widget\" data-e-type=\"widget\" data-widget_type=\"image.default\">\n\t\t\t\t<div class=\"elementor-widget-container\">\n\t\t\t\t\t\t\t\t\t\t\t\t\t\t\t<img fetchpriority=\"high\" decoding=\"async\" width=\"300\" height=\"200\" src=\"https:\/\/enzosystems.com\/wp-content\/uploads\/2022\/02\/IHS_Logo_AmsterdamDatesVenueLockup_Charcoal-300x200.png\" class=\"attachment-medium size-medium wp-image-4107\" alt=\"IHS-Logo | Enzosysteme\" srcset=\"https:\/\/enzosystems.com\/wp-content\/uploads\/2022\/02\/IHS_Logo_AmsterdamDatesVenueLockup_Charcoal-300x200.png 300w, https:\/\/enzosystems.com\/wp-content\/uploads\/2022\/02\/IHS_Logo_AmsterdamDatesVenueLockup_Charcoal.png 514w\" sizes=\"(max-width: 300px) 100vw, 300px\" \/>\t\t\t\t\t\t\t\t\t\t\t\t\t\t\t<\/div>\n\t\t\t\t<\/div>\n\t\t\t\t\t<\/div>\n\t\t<\/div>\n\t\t\t\t\t<\/div>\n\t\t<\/section>\n\t\t\t\t<section class=\"elementor-section elementor-top-section elementor-element elementor-element-6f40b055 elementor-section-boxed elementor-section-height-default elementor-section-height-default\" data-id=\"6f40b055\" data-element_type=\"section\" data-e-type=\"section\" data-settings=\"{&quot;background_background&quot;:&quot;classic&quot;}\">\n\t\t\t\t\t\t<div class=\"elementor-container elementor-column-gap-default\">\n\t\t\t\t\t<div class=\"elementor-column elementor-col-100 elementor-top-column elementor-element elementor-element-675d11f8\" data-id=\"675d11f8\" data-element_type=\"column\" data-e-type=\"column\">\n\t\t\t<div class=\"elementor-widget-wrap elementor-element-populated\">\n\t\t\t\t\t\t<div class=\"elementor-element elementor-element-5bfe3a10 elementor-widget elementor-widget-heading\" data-id=\"5bfe3a10\" data-element_type=\"widget\" data-e-type=\"widget\" data-widget_type=\"heading.default\">\n\t\t\t\t<div class=\"elementor-widget-container\">\n\t\t\t\t\t<h2 class=\"elementor-heading-title elementor-size-default\">Vielen Dank f\u00fcr Ihren Besuch!<\/h2>\t\t\t\t<\/div>\n\t\t\t\t<\/div>\n\t\t\t\t<div class=\"elementor-element elementor-element-c4ff0dc elementor-widget__width-initial elementor-widget elementor-widget-text-editor\" data-id=\"c4ff0dc\" data-element_type=\"widget\" data-e-type=\"widget\" data-widget_type=\"text-editor.default\">\n\t\t\t\t<div class=\"elementor-widget-container\">\n\t\t\t\t\t\t\t\t\t<p>Es war mir ein Vergn\u00fcgen, Sie zu treffen und Ihnen unsere Check-In-L\u00f6sungen pers\u00f6nlich vorzustellen.<\/p>\n<p>Die Messe war ein Erfolg und wir hoffen, dass Sie unsere Produkte f\u00fcr Ihre Hotelorganisation geeignet finden.<\/p>\t\t\t\t\t\t\t\t<\/div>\n\t\t\t\t<\/div>\n\t\t\t\t\t<\/div>\n\t\t<\/div>\n\t\t\t\t\t<\/div>\n\t\t<\/section>\n\t\t\t\t<section class=\"elementor-section elementor-top-section elementor-element elementor-element-22dc607a elementor-section-boxed elementor-section-height-default elementor-section-height-default\" data-id=\"22dc607a\" data-element_type=\"section\" data-e-type=\"section\">\n\t\t\t\t\t\t<div class=\"elementor-container elementor-column-gap-default\">\n\t\t\t\t\t<div class=\"elementor-column elementor-col-100 elementor-top-column elementor-element elementor-element-3dc19c0b\" data-id=\"3dc19c0b\" data-element_type=\"column\" data-e-type=\"column\">\n\t\t\t<div class=\"elementor-widget-wrap elementor-element-populated\">\n\t\t\t\t\t\t<div class=\"elementor-element elementor-element-14dbd3dc elementor-widget elementor-widget-image\" data-id=\"14dbd3dc\" data-element_type=\"widget\" data-e-type=\"widget\" data-widget_type=\"image.default\">\n\t\t\t\t<div class=\"elementor-widget-container\">\n\t\t\t\t\t\t\t\t\t\t\t\t\t\t\t<img decoding=\"async\" width=\"550\" height=\"200\" src=\"https:\/\/enzosystems.com\/wp-content\/uploads\/2022\/02\/show_web.png\" class=\"attachment-large size-large wp-image-4150\" alt=\"Web anzeigen | Enzosystems\" srcset=\"https:\/\/enzosystems.com\/wp-content\/uploads\/2022\/02\/show_web.png 550w, https:\/\/enzosystems.com\/wp-content\/uploads\/2022\/02\/show_web-300x109.png 300w\" sizes=\"(max-width: 550px) 100vw, 550px\" \/>\t\t\t\t\t\t\t\t\t\t\t\t\t\t\t<\/div>\n\t\t\t\t<\/div>\n\t\t\t\t\t<\/div>\n\t\t<\/div>\n\t\t\t\t\t<\/div>\n\t\t<\/section>\n\t\t\t\t<section class=\"elementor-section elementor-top-section elementor-element elementor-element-51d5850 elementor-section-boxed elementor-section-height-default elementor-section-height-default\" data-id=\"51d5850\" data-element_type=\"section\" data-e-type=\"section\">\n\t\t\t\t\t\t<div class=\"elementor-container elementor-column-gap-default\">\n\t\t\t\t\t<div class=\"elementor-column elementor-col-100 elementor-top-column elementor-element elementor-element-24ca5ee\" data-id=\"24ca5ee\" data-element_type=\"column\" data-e-type=\"column\">\n\t\t\t<div class=\"elementor-widget-wrap elementor-element-populated\">\n\t\t\t\t\t\t<div class=\"elementor-element elementor-element-5773c72 elementor-widget elementor-widget-heading\" data-id=\"5773c72\" data-element_type=\"widget\" data-e-type=\"widget\" data-widget_type=\"heading.default\">\n\t\t\t\t<div class=\"elementor-widget-container\">\n\t\t\t\t\t<h2 class=\"elementor-heading-title elementor-size-default\">Fragen? oder Kommentare<\/h2>\t\t\t\t<\/div>\n\t\t\t\t<\/div>\n\t\t\t\t<div class=\"elementor-element elementor-element-aa8f3cb elementor-widget__width-initial elementor-widget elementor-widget-text-editor\" data-id=\"aa8f3cb\" data-element_type=\"widget\" data-e-type=\"widget\" data-widget_type=\"text-editor.default\">\n\t\t\t\t<div class=\"elementor-widget-container\">\n\t\t\t\t\t\t\t\t\t<p>Wir w\u00fcrden gerne alle Ihre Fragen beantworten und Ihre Kommentare zu unseren Produkten entgegennehmen. <\/p>\n<p>Wir sind hier, um Ihnen zu helfen und Sie bei der Implementierung unserer Check-In-L\u00f6sungen in Ihrem Hotel zu begleiten. <br><\/p>\t\t\t\t\t\t\t\t<\/div>\n\t\t\t\t<\/div>\n\t\t\t\t\t<\/div>\n\t\t<\/div>\n\t\t\t\t\t<\/div>\n\t\t<\/section>\n\t\t\t\t<section class=\"elementor-section elementor-top-section elementor-element elementor-element-b65019a elementor-section-boxed elementor-section-height-default elementor-section-height-default\" data-id=\"b65019a\" data-element_type=\"section\" data-e-type=\"section\">\n\t\t\t\t\t\t<div class=\"elementor-container elementor-column-gap-default\">\n\t\t\t\t\t<div class=\"elementor-column elementor-col-50 elementor-top-column elementor-element elementor-element-a7f9bac\" data-id=\"a7f9bac\" data-element_type=\"column\" data-e-type=\"column\">\n\t\t\t<div class=\"elementor-widget-wrap elementor-element-populated\">\n\t\t\t\t\t\t<div class=\"elementor-element elementor-element-6bfa63d elementor-author-box--layout-image-above elementor-author-box--align-center elementor-widget elementor-widget-author-box\" data-id=\"6bfa63d\" data-element_type=\"widget\" data-e-type=\"widget\" data-widget_type=\"author-box.default\">\n\t\t\t\t<div class=\"elementor-widget-container\">\n\t\t\t\t\t\t\t<div class=\"elementor-author-box\">\n\t\t\t\t\t\t\t<a href=\"https:\/\/www.linkedin.com\/in\/derk-simon-esselink-7769911\/\" class=\"elementor-author-box__avatar\">\n\t\t\t\t\t<img decoding=\"async\" src=\"https:\/\/enzosystems.com\/wp-content\/uploads\/2022\/03\/1627549757651.jpg\" alt=\"Bild von Derk Esselink\" loading=\"lazy\">\n\t\t\t\t<\/a>\n\t\t\t\n\t\t\t<div class=\"elementor-author-box__text\">\n\t\t\t\t\t\t\t\t\t<a href=\"https:\/\/www.linkedin.com\/in\/derk-simon-esselink-7769911\/\">\n\t\t\t\t\t\t<h4 class=\"elementor-author-box__name\">\n\t\t\t\t\t\t\tDerk Esselink\t\t\t\t\t\t<\/h4>\n\t\t\t\t\t<\/a>\n\t\t\t\t\n\t\t\t\t\t\t\t\t\t<div class=\"elementor-author-box__bio\">\n\t\t\t\t\t\t<p>Senior Produktdesigner<\/p>\n<p>derk@enzosystems.com<\/p>\n\t\t\t\t\t<\/div>\n\t\t\t\t\n\t\t\t\t\t\t\t<\/div>\n\t\t<\/div>\n\t\t\t\t\t\t<\/div>\n\t\t\t\t<\/div>\n\t\t\t\t\t<\/div>\n\t\t<\/div>\n\t\t\t\t<div class=\"elementor-column elementor-col-50 elementor-top-column elementor-element elementor-element-0c1fdee\" data-id=\"0c1fdee\" data-element_type=\"column\" data-e-type=\"column\">\n\t\t\t<div class=\"elementor-widget-wrap elementor-element-populated\">\n\t\t\t\t\t\t<div class=\"elementor-element elementor-element-fe6cd85 elementor-author-box--layout-image-above elementor-author-box--align-center elementor-widget elementor-widget-author-box\" data-id=\"fe6cd85\" data-element_type=\"widget\" data-e-type=\"widget\" data-widget_type=\"author-box.default\">\n\t\t\t\t<div class=\"elementor-widget-container\">\n\t\t\t\t\t\t\t<div class=\"elementor-author-box\">\n\t\t\t\t\t\t\t<a href=\"https:\/\/www.linkedin.com\/in\/frank-schouenberg-2276543a\/\" target=\"_blank\" class=\"elementor-author-box__avatar\">\n\t\t\t\t\t<img decoding=\"async\" src=\"https:\/\/enzosystems.com\/wp-content\/uploads\/2022\/03\/1516849944964.jpg\" alt=\"Bild von Frank Schouenberg\" loading=\"lazy\">\n\t\t\t\t<\/a>\n\t\t\t\n\t\t\t<div class=\"elementor-author-box__text\">\n\t\t\t\t\t\t\t\t\t<a href=\"https:\/\/www.linkedin.com\/in\/frank-schouenberg-2276543a\/\" target=\"_blank\">\n\t\t\t\t\t\t<h4 class=\"elementor-author-box__name\">\n\t\t\t\t\t\t\tFrank Schouenberg\t\t\t\t\t\t<\/h4>\n\t\t\t\t\t<\/a>\n\t\t\t\t\n\t\t\t\t\t\t\t\t\t<div class=\"elementor-author-box__bio\">\n\t\t\t\t\t\t<p>Gesch\u00e4ftsf\u00fchrender Manager<\/p>\n<p>frank@enzosystems.com<\/p>\n\t\t\t\t\t<\/div>\n\t\t\t\t\n\t\t\t\t\t\t\t<\/div>\n\t\t<\/div>\n\t\t\t\t\t\t<\/div>\n\t\t\t\t<\/div>\n\t\t\t\t\t<\/div>\n\t\t<\/div>\n\t\t\t\t\t<\/div>\n\t\t<\/section>\n\t\t\t\t<\/div>","protected":false},"excerpt":{"rendered":"<p>Thank you for your visit! It was a pleasure to meet you and have the chance to show you our Check-In Solutions in person. The show was a success and we hope that you found our products suitable for your Hotel organization. Questions? or comments We would like to answer any questions that you might [&hellip;]<\/p>\n","protected":false},"author":1,"featured_media":0,"parent":0,"menu_order":0,"comment_status":"closed","ping_status":"closed","template":"elementor_header_footer","meta":{"footnotes":""},"class_list":["post-5489","page","type-page","status-publish","hentry"],"yoast_head":"<!-- This site is optimized with the Yoast SEO plugin v27.4 - https:\/\/yoast.com\/product\/yoast-seo-wordpress\/ -->\n<title>Thank you - Independent Hotel show - Enzosystems<\/title>\n<meta name=\"robots\" content=\"index, follow, max-snippet:-1, max-image-preview:large, max-video-preview:-1\" \/>\n<link rel=\"canonical\" href=\"https:\/\/enzosystems.com\/de\/2022ihs\/\" \/>\n<meta property=\"og:locale\" content=\"de_DE\" \/>\n<meta property=\"og:type\" content=\"article\" \/>\n<meta property=\"og:title\" content=\"Thank you - Independent Hotel show - Enzosystems\" \/>\n<meta property=\"og:description\" content=\"Thank you for your visit! It was a pleasure to meet you and have the chance to show you our Check-In Solutions in person. The show was a success and we hope that you found our products suitable for your Hotel organization. Questions? or comments We would like to answer any questions that you might [&hellip;]\" \/>\n<meta property=\"og:url\" content=\"https:\/\/enzosystems.com\/de\/2022ihs\/\" \/>\n<meta property=\"og:site_name\" content=\"Enzosystems\" \/>\n<meta property=\"article:modified_time\" content=\"2025-02-03T09:31:43+00:00\" \/>\n<meta property=\"og:image\" content=\"https:\/\/enzosystems.com\/wp-content\/uploads\/2022\/02\/IHS_Logo_AmsterdamDatesVenueLockup_Charcoal-300x200.png\" \/>\n<meta name=\"twitter:card\" content=\"summary_large_image\" \/>\n<meta name=\"twitter:site\" content=\"@enzosystems\" \/>\n<meta name=\"twitter:label1\" content=\"Gesch\u00e4tzte Lesezeit\" \/>\n\t<meta name=\"twitter:data1\" content=\"1\u00a0Minute\" \/>\n<script type=\"application\/ld+json\" class=\"yoast-schema-graph\">{\"@context\":\"https:\\\/\\\/schema.org\",\"@graph\":[{\"@type\":\"WebPage\",\"@id\":\"https:\\\/\\\/enzosystems.com\\\/2022ihs\\\/\",\"url\":\"https:\\\/\\\/enzosystems.com\\\/2022ihs\\\/\",\"name\":\"Thank you - Independent Hotel show - Enzosystems\",\"isPartOf\":{\"@id\":\"https:\\\/\\\/enzosystems.com\\\/#website\"},\"primaryImageOfPage\":{\"@id\":\"https:\\\/\\\/enzosystems.com\\\/2022ihs\\\/#primaryimage\"},\"image\":{\"@id\":\"https:\\\/\\\/enzosystems.com\\\/2022ihs\\\/#primaryimage\"},\"thumbnailUrl\":\"https:\\\/\\\/enzosystems.com\\\/wp-content\\\/uploads\\\/2022\\\/02\\\/IHS_Logo_AmsterdamDatesVenueLockup_Charcoal-300x200.png\",\"datePublished\":\"2022-03-08T15:47:02+00:00\",\"dateModified\":\"2025-02-03T09:31:43+00:00\",\"breadcrumb\":{\"@id\":\"https:\\\/\\\/enzosystems.com\\\/2022ihs\\\/#breadcrumb\"},\"inLanguage\":\"de\",\"potentialAction\":[{\"@type\":\"ReadAction\",\"target\":[\"https:\\\/\\\/enzosystems.com\\\/2022ihs\\\/\"]}]},{\"@type\":\"ImageObject\",\"inLanguage\":\"de\",\"@id\":\"https:\\\/\\\/enzosystems.com\\\/2022ihs\\\/#primaryimage\",\"url\":\"https:\\\/\\\/enzosystems.com\\\/wp-content\\\/uploads\\\/2022\\\/02\\\/IHS_Logo_AmsterdamDatesVenueLockup_Charcoal-300x200.png\",\"contentUrl\":\"https:\\\/\\\/enzosystems.com\\\/wp-content\\\/uploads\\\/2022\\\/02\\\/IHS_Logo_AmsterdamDatesVenueLockup_Charcoal-300x200.png\"},{\"@type\":\"BreadcrumbList\",\"@id\":\"https:\\\/\\\/enzosystems.com\\\/2022ihs\\\/#breadcrumb\",\"itemListElement\":[{\"@type\":\"ListItem\",\"position\":1,\"name\":\"Home\",\"item\":\"https:\\\/\\\/enzosystems.com\\\/\"},{\"@type\":\"ListItem\",\"position\":2,\"name\":\"Thank you &#8211; Independent Hotel show\"}]},{\"@type\":\"WebSite\",\"@id\":\"https:\\\/\\\/enzosystems.com\\\/#website\",\"url\":\"https:\\\/\\\/enzosystems.com\\\/\",\"name\":\"Enzosystems\",\"description\":\"Self Check-In Solutions\",\"publisher\":{\"@id\":\"https:\\\/\\\/enzosystems.com\\\/#organization\"},\"potentialAction\":[{\"@type\":\"SearchAction\",\"target\":{\"@type\":\"EntryPoint\",\"urlTemplate\":\"https:\\\/\\\/enzosystems.com\\\/?s={search_term_string}\"},\"query-input\":{\"@type\":\"PropertyValueSpecification\",\"valueRequired\":true,\"valueName\":\"search_term_string\"}}],\"inLanguage\":\"de\"},{\"@type\":\"Organization\",\"@id\":\"https:\\\/\\\/enzosystems.com\\\/#organization\",\"name\":\"Enzosystems B.V.\",\"url\":\"https:\\\/\\\/enzosystems.com\\\/\",\"logo\":{\"@type\":\"ImageObject\",\"inLanguage\":\"de\",\"@id\":\"https:\\\/\\\/enzosystems.com\\\/#\\\/schema\\\/logo\\\/image\\\/\",\"url\":\"https:\\\/\\\/enzosystems.com\\\/wp-content\\\/uploads\\\/2021\\\/11\\\/Enzo-logo-100.jpg\",\"contentUrl\":\"https:\\\/\\\/enzosystems.com\\\/wp-content\\\/uploads\\\/2021\\\/11\\\/Enzo-logo-100.jpg\",\"width\":351,\"height\":150,\"caption\":\"Enzosystems B.V.\"},\"image\":{\"@id\":\"https:\\\/\\\/enzosystems.com\\\/#\\\/schema\\\/logo\\\/image\\\/\"},\"sameAs\":[\"https:\\\/\\\/x.com\\\/enzosystems\",\"https:\\\/\\\/www.linkedin.com\\\/company\\\/enzosystems\"]}]}<\/script>\n<!-- \/ Yoast SEO plugin. -->","yoast_head_json":{"title":"Dankesch\u00f6n - Unabh\u00e4ngige Hotelmesse - Enzosystems","robots":{"index":"index","follow":"follow","max-snippet":"max-snippet:-1","max-image-preview":"max-image-preview:large","max-video-preview":"max-video-preview:-1"},"canonical":"https:\/\/enzosystems.com\/de\/2022ihs\/","og_locale":"de_DE","og_type":"article","og_title":"Thank you - Independent Hotel show - Enzosystems","og_description":"Thank you for your visit! It was a pleasure to meet you and have the chance to show you our Check-In Solutions in person. The show was a success and we hope that you found our products suitable for your Hotel organization. Questions? or comments We would like to answer any questions that you might [&hellip;]","og_url":"https:\/\/enzosystems.com\/de\/2022ihs\/","og_site_name":"Enzosystems","article_modified_time":"2025-02-03T09:31:43+00:00","og_image":[{"url":"https:\/\/enzosystems.com\/wp-content\/uploads\/2022\/02\/IHS_Logo_AmsterdamDatesVenueLockup_Charcoal-300x200.png","type":"","width":"","height":""}],"twitter_card":"summary_large_image","twitter_site":"@enzosystems","twitter_misc":{"Gesch\u00e4tzte Lesezeit":"1\u00a0Minute"},"schema":{"@context":"https:\/\/schema.org","@graph":[{"@type":"WebPage","@id":"https:\/\/enzosystems.com\/2022ihs\/","url":"https:\/\/enzosystems.com\/2022ihs\/","name":"Dankesch\u00f6n - Unabh\u00e4ngige Hotelmesse - Enzosystems","isPartOf":{"@id":"https:\/\/enzosystems.com\/#website"},"primaryImageOfPage":{"@id":"https:\/\/enzosystems.com\/2022ihs\/#primaryimage"},"image":{"@id":"https:\/\/enzosystems.com\/2022ihs\/#primaryimage"},"thumbnailUrl":"https:\/\/enzosystems.com\/wp-content\/uploads\/2022\/02\/IHS_Logo_AmsterdamDatesVenueLockup_Charcoal-300x200.png","datePublished":"2022-03-08T15:47:02+00:00","dateModified":"2025-02-03T09:31:43+00:00","breadcrumb":{"@id":"https:\/\/enzosystems.com\/2022ihs\/#breadcrumb"},"inLanguage":"de","potentialAction":[{"@type":"ReadAction","target":["https:\/\/enzosystems.com\/2022ihs\/"]}]},{"@type":"ImageObject","inLanguage":"de","@id":"https:\/\/enzosystems.com\/2022ihs\/#primaryimage","url":"https:\/\/enzosystems.com\/wp-content\/uploads\/2022\/02\/IHS_Logo_AmsterdamDatesVenueLockup_Charcoal-300x200.png","contentUrl":"https:\/\/enzosystems.com\/wp-content\/uploads\/2022\/02\/IHS_Logo_AmsterdamDatesVenueLockup_Charcoal-300x200.png"},{"@type":"BreadcrumbList","@id":"https:\/\/enzosystems.com\/2022ihs\/#breadcrumb","itemListElement":[{"@type":"ListItem","position":1,"name":"Home","item":"https:\/\/enzosystems.com\/"},{"@type":"ListItem","position":2,"name":"Thank you &#8211; Independent Hotel show"}]},{"@type":"WebSite","@id":"https:\/\/enzosystems.com\/#website","url":"https:\/\/enzosystems.com\/","name":"Enzosysteme","description":"Self Check-In L\u00f6sungen","publisher":{"@id":"https:\/\/enzosystems.com\/#organization"},"potentialAction":[{"@type":"SearchAction","target":{"@type":"EntryPoint","urlTemplate":"https:\/\/enzosystems.com\/?s={search_term_string}"},"query-input":{"@type":"PropertyValueSpecification","valueRequired":true,"valueName":"search_term_string"}}],"inLanguage":"de"},{"@type":"Organization","@id":"https:\/\/enzosystems.com\/#organization","name":"Enzosystems B.V.","url":"https:\/\/enzosystems.com\/","logo":{"@type":"ImageObject","inLanguage":"de","@id":"https:\/\/enzosystems.com\/#\/schema\/logo\/image\/","url":"https:\/\/enzosystems.com\/wp-content\/uploads\/2021\/11\/Enzo-logo-100.jpg","contentUrl":"https:\/\/enzosystems.com\/wp-content\/uploads\/2021\/11\/Enzo-logo-100.jpg","width":351,"height":150,"caption":"Enzosystems B.V."},"image":{"@id":"https:\/\/enzosystems.com\/#\/schema\/logo\/image\/"},"sameAs":["https:\/\/x.com\/enzosystems","https:\/\/www.linkedin.com\/company\/enzosystems"]}]}},"_links":{"self":[{"href":"https:\/\/enzosystems.com\/de\/wp-json\/wp\/v2\/pages\/5489","targetHints":{"allow":["GET"]}}],"collection":[{"href":"https:\/\/enzosystems.com\/de\/wp-json\/wp\/v2\/pages"}],"about":[{"href":"https:\/\/enzosystems.com\/de\/wp-json\/wp\/v2\/types\/page"}],"author":[{"embeddable":true,"href":"https:\/\/enzosystems.com\/de\/wp-json\/wp\/v2\/users\/1"}],"replies":[{"embeddable":true,"href":"https:\/\/enzosystems.com\/de\/wp-json\/wp\/v2\/comments?post=5489"}],"version-history":[{"count":19,"href":"https:\/\/enzosystems.com\/de\/wp-json\/wp\/v2\/pages\/5489\/revisions"}],"predecessor-version":[{"id":7903,"href":"https:\/\/enzosystems.com\/de\/wp-json\/wp\/v2\/pages\/5489\/revisions\/7903"}],"wp:attachment":[{"href":"https:\/\/enzosystems.com\/de\/wp-json\/wp\/v2\/media?parent=5489"}],"curies":[{"name":"wp","href":"https:\/\/api.w.org\/{rel}","templated":true}]}}